{"id":693,"date":"2026-02-18T11:11:14","date_gmt":"2026-02-18T11:11:14","guid":{"rendered":"https:\/\/hotelaurora.etruriacollection.com\/?page_id=693"},"modified":"2026-03-10T12:02:29","modified_gmt":"2026-03-10T12:02:29","slug":"servizi","status":"publish","type":"page","link":"https:\/\/hotelduomo.etruriacollection.com\/en\/servizi\/","title":{"rendered":"Services"},"content":{"rendered":"<div data-elementor-type=\"wp-page\" data-elementor-id=\"693\" class=\"elementor elementor-693\" data-elementor-post-type=\"page\">\n\t\t\t\t<div class=\"elementor-element elementor-element-969faa8 e-con-full e-flex e-con e-parent\" data-id=\"969faa8\" data-element_type=\"container\" data-e-type=\"container\" data-settings=\"{&quot;background_background&quot;:&quot;classic&quot;}\">\n\t\t\t\t<div class=\"elementor-element elementor-element-9ad9542 elementor-widget__width-initial elementor-widget elementor-widget-heading\" data-id=\"9ad9542\" data-element_type=\"widget\" data-e-type=\"widget\" data-widget_type=\"heading.default\">\n\t\t\t\t\t<h2 class=\"elementor-heading-title elementor-size-default\">HOTEL Duomo<\/h2>\t\t\t\t<\/div>\n\t\t\t\t<div class=\"elementor-element elementor-element-3b69329 elementor-widget__width-initial elementor-widget elementor-widget-heading\" data-id=\"3b69329\" data-element_type=\"widget\" data-e-type=\"widget\" data-widget_type=\"heading.default\">\n\t\t\t\t\t<h2 class=\"elementor-heading-title elementor-size-default\">Hotel Services<\/h2>\t\t\t\t<\/div>\n\t\t\t\t<\/div>\n\t\t<div class=\"elementor-element elementor-element-81922ce e-con-full e-flex e-con e-parent\" data-id=\"81922ce\" data-element_type=\"container\" data-e-type=\"container\">\n\t\t<div class=\"elementor-element elementor-element-3917216 e-con-full e-flex e-con e-child\" data-id=\"3917216\" data-element_type=\"container\" data-e-type=\"container\">\n\t\t\t\t<div class=\"elementor-element elementor-element-b84bd14 elementor-widget__width-initial elementor-widget elementor-widget-heading\" data-id=\"b84bd14\" data-element_type=\"widget\" data-e-type=\"widget\" data-widget_type=\"heading.default\">\n\t\t\t\t\t<h2 class=\"elementor-heading-title elementor-size-default\">TOURISM<\/h2>\t\t\t\t<\/div>\n\t\t\t\t<div class=\"elementor-element elementor-element-5939ef5 elementor-widget__width-initial elementor-widget elementor-widget-heading\" data-id=\"5939ef5\" data-element_type=\"widget\" data-e-type=\"widget\" data-widget_type=\"heading.default\">\n\t\t\t\t\t<h2 class=\"elementor-heading-title elementor-size-default\">Tourist Information<\/h2>\t\t\t\t<\/div>\n\t\t\t\t<div class=\"elementor-element elementor-element-30d7690 elementor-widget__width-initial elementor-widget elementor-widget-heading\" data-id=\"30d7690\" data-element_type=\"widget\" data-e-type=\"widget\" data-widget_type=\"heading.default\">\n\t\t\t\t\t<h2 class=\"elementor-heading-title elementor-size-default\">Our staff will be delighted to provide you with personalised tourist information to make your stay in Orvieto even more enjoyable. From visits to the Cathedral and St Patrick\u2019s Well, to tours of the city\u2019s underground passages, and from traditional restaurants to artisan shops, we can recommend the best experiences to enjoy in the historic centre and the surrounding area.<\/h2>\t\t\t\t<\/div>\n\t\t\t\t<\/div>\n\t\t<div class=\"elementor-element elementor-element-f5e4f18 e-con-full e-flex e-con e-child\" data-id=\"f5e4f18\" data-element_type=\"container\" data-e-type=\"container\" data-settings=\"{&quot;background_background&quot;:&quot;classic&quot;}\">\n\t\t\t\t<\/div>\n\t\t\t\t<\/div>\n\t\t<div class=\"elementor-element elementor-element-8c32299 e-con-full e-flex e-con e-parent\" data-id=\"8c32299\" data-element_type=\"container\" data-e-type=\"container\">\n\t\t<div class=\"elementor-element elementor-element-e9afc2a e-con-full e-flex e-con e-child\" data-id=\"e9afc2a\" data-element_type=\"container\" data-e-type=\"container\">\n\t\t\t\t<div class=\"elementor-element elementor-element-6f1e2de elementor-widget__width-initial elementor-widget elementor-widget-heading\" data-id=\"6f1e2de\" data-element_type=\"widget\" data-e-type=\"widget\" data-widget_type=\"heading.default\">\n\t\t\t\t\t<h2 class=\"elementor-heading-title elementor-size-default\">CAR PARK <\/h2>\t\t\t\t<\/div>\n\t\t\t\t<div class=\"elementor-element elementor-element-cacfe77 elementor-widget__width-initial elementor-widget elementor-widget-heading\" data-id=\"cacfe77\" data-element_type=\"widget\" data-e-type=\"widget\" data-widget_type=\"heading.default\">\n\t\t\t\t\t<h2 class=\"elementor-heading-title elementor-size-default\">Private car park<\/h2>\t\t\t\t<\/div>\n\t\t\t\t<div class=\"elementor-element elementor-element-cd8ce36 elementor-widget__width-initial elementor-widget elementor-widget-heading\" data-id=\"cd8ce36\" data-element_type=\"widget\" data-e-type=\"widget\" data-widget_type=\"heading.default\">\n\t\t\t\t\t<h2 class=\"elementor-heading-title elementor-size-default\">For guests arriving by car, the Hotel Duomo offers a reserved parking space on request, located in the immediate vicinity of the hotel.\n\nThis is a particularly convenient service for a carefree stay in the historic centre of Orvieto, avoiding the hassle of parking in a restricted traffic zone.<\/h2>\t\t\t\t<\/div>\n\t\t\t\t<\/div>\n\t\t<div class=\"elementor-element elementor-element-45459eb e-con-full e-flex e-con e-child\" data-id=\"45459eb\" data-element_type=\"container\" data-e-type=\"container\" data-settings=\"{&quot;background_background&quot;:&quot;classic&quot;}\">\n\t\t\t\t<\/div>\n\t\t\t\t<\/div>\n\t\t<div class=\"elementor-element elementor-element-d770557 e-con-full e-flex e-con e-parent\" data-id=\"d770557\" data-element_type=\"container\" data-e-type=\"container\">\n\t\t<div class=\"elementor-element elementor-element-8160c89 e-con-full e-flex e-con e-child\" data-id=\"8160c89\" data-element_type=\"container\" data-e-type=\"container\">\n\t\t\t\t<div class=\"elementor-element elementor-element-1385c93 elementor-widget__width-initial elementor-widget elementor-widget-heading\" data-id=\"1385c93\" data-element_type=\"widget\" data-e-type=\"widget\" data-widget_type=\"heading.default\">\n\t\t\t\t\t<h2 class=\"elementor-heading-title elementor-size-default\">Bar<\/h2>\t\t\t\t<\/div>\n\t\t\t\t<div class=\"elementor-element elementor-element-f60b7f4 elementor-widget__width-initial elementor-widget elementor-widget-heading\" data-id=\"f60b7f4\" data-element_type=\"widget\" data-e-type=\"widget\" data-widget_type=\"heading.default\">\n\t\t\t\t\t<h2 class=\"elementor-heading-title elementor-size-default\">Internal Bar<\/h2>\t\t\t\t<\/div>\n\t\t\t\t<div class=\"elementor-element elementor-element-cd8ea2b elementor-widget__width-initial elementor-widget elementor-widget-heading\" data-id=\"cd8ea2b\" data-element_type=\"widget\" data-e-type=\"widget\" data-widget_type=\"heading.default\">\n\t\t\t\t\t<h2 class=\"elementor-heading-title elementor-size-default\">The Hotel Duomo\u2019s in-house bar is the perfect place to take a break in an intimate and welcoming setting.\n\nWhether it\u2019s a morning coffee, a refreshing drink after a day of sightseeing, or a relaxing evening, our bar offers a pleasant atmosphere where you can enjoy a moment of peace and quiet in the heart of Orvieto.<\/h2>\t\t\t\t<\/div>\n\t\t\t\t<\/div>\n\t\t<div class=\"elementor-element elementor-element-48ee1d2 e-con-full e-flex e-con e-child\" data-id=\"48ee1d2\" data-element_type=\"container\" data-e-type=\"container\" data-settings=\"{&quot;background_background&quot;:&quot;classic&quot;}\">\n\t\t\t\t<\/div>\n\t\t\t\t<\/div>\n\t\t\t\t<\/div>","protected":false},"excerpt":{"rendered":"<p>HOTEL Duomo Servizi in Hotel TURISMO Informazioni Turistiche Il nostro staff sar\u00e0 lieto di fornirvi informazioni turistiche personalizzate per rendere il vostro soggiorno a Orvieto ancora pi\u00f9 piacevole. Dalle visite al Duomo e al Pozzo di San Patrizio, ai percorsi nei sotterranei della citt\u00e0, fino ai ristoranti tipici e alle botteghe artigiane, sapremo indicarvi le [&hellip;]<\/p>\n","protected":false},"author":1,"featured_media":0,"parent":0,"menu_order":0,"comment_status":"closed","ping_status":"closed","template":"","meta":{"footnotes":""},"class_list":["post-693","page","type-page","status-publish","hentry"],"_links":{"self":[{"href":"https:\/\/hotelduomo.etruriacollection.com\/en\/wp-json\/wp\/v2\/pages\/693","targetHints":{"allow":["GET"]}}],"collection":[{"href":"https:\/\/hotelduomo.etruriacollection.com\/en\/wp-json\/wp\/v2\/pages"}],"about":[{"href":"https:\/\/hotelduomo.etruriacollection.com\/en\/wp-json\/wp\/v2\/types\/page"}],"author":[{"embeddable":true,"href":"https:\/\/hotelduomo.etruriacollection.com\/en\/wp-json\/wp\/v2\/users\/1"}],"replies":[{"embeddable":true,"href":"https:\/\/hotelduomo.etruriacollection.com\/en\/wp-json\/wp\/v2\/comments?post=693"}],"version-history":[{"count":52,"href":"https:\/\/hotelduomo.etruriacollection.com\/en\/wp-json\/wp\/v2\/pages\/693\/revisions"}],"predecessor-version":[{"id":1309,"href":"https:\/\/hotelduomo.etruriacollection.com\/en\/wp-json\/wp\/v2\/pages\/693\/revisions\/1309"}],"wp:attachment":[{"href":"https:\/\/hotelduomo.etruriacollection.com\/en\/wp-json\/wp\/v2\/media?parent=693"}],"curies":[{"name":"wp","href":"https:\/\/api.w.org\/{rel}","templated":true}]}}